{"id":92,"date":"2025-09-16T11:11:14","date_gmt":"2025-09-16T09:11:14","guid":{"rendered":"http:\/\/wimmer.localhost\/?page_id=92"},"modified":"2025-11-05T12:12:09","modified_gmt":"2025-11-05T11:12:09","slug":"ueber-uns","status":"publish","type":"page","link":"https:\/\/derwimmer.com\/derwimmer\/ueber-uns\/","title":{"rendered":"\u00dcber uns"},"content":{"rendered":"\n\n\n   <section class=\"stage-hero\">\n              <div class=\"stage-wrapper\">\n       \n        \n                                  <picture class=\"media\">\n                <img decoding=\"async\"\n                  src=\"https:\/\/derwimmer.com\/derwimmer\/wp-content\/uploads\/2025\/10\/ueber-uns-panorama-1900x1065.jpg\"\n                  srcset=\"\n                    https:\/\/derwimmer.com\/derwimmer\/wp-content\/uploads\/2025\/10\/ueber-uns-panorama-720x404.jpg 480w,\n                    https:\/\/derwimmer.com\/derwimmer\/wp-content\/uploads\/2025\/10\/ueber-uns-panorama-1000x561.jpg 768w,\n                    https:\/\/derwimmer.com\/derwimmer\/wp-content\/uploads\/2025\/10\/ueber-uns-panorama-1440x807.jpg 1200w,\n                    https:\/\/derwimmer.com\/derwimmer\/wp-content\/uploads\/2025\/10\/ueber-uns-panorama-1900x1065.jpg 1600w\n                  \"\n                  sizes=\"(max-width: 480px) 480px,\n                         (max-width: 768px) 768px,\n                         (max-width: 1200px) 1200px,\n                         1600px\"\n                  alt=\"\"\n                \/>\n              <\/picture>\n                    \n        <div class=\"content\">\n                            <h1 class=\"stage-title\"><span>Unabh\u00e4ngiges Denken f\u00fcr inspirierende L\u00f6sungen<\/span><\/h1>\n            \n                    <\/div>\n\n               <\/div>\n       \n   <\/section>\n\n\n\n\n\n    <div class=\"wrapper-narrow\">\n\n       <div class=\"description fs-large ff-semibold mb-2xl\">\n            <p class=\"p2\"><b><i>DERWIMMER ist ein inhabergef\u00fchrtes und unabh\u00e4ngiges Designstudio. Wir unterst\u00fctzen ambitionierte Kunden dabei, f\u00fcr ihre Produkte und Marken im Wettbewerbsumfeld neue Perspektiven zu kreieren. <\/i><\/b><\/p>\n            <span class=\"fs-small\"><p>Seit 2003 haben wir f\u00fcr gro\u00dfe, bekannte Marken (Aral, Bayer HealthCare, BASF, Jack Wolfskin, Lionel Richie, Messe D\u00fcsseldorf, Karstadt, Krohne, Vorwerk, &#8230;), aber auch immer wieder mit gleicher Leidenschaft f\u00fcr kleine, innovative Organisationen und Start-up-Unternehmen gearbeitet.<\/p>\n<p>DERWIMMER entwickelt und realisiert anspruchsvolle Designkonzepte f\u00fcr alle Bereiche der Markenkommunikation. Auftr\u00e4ge werden je nach Anforderung \u00fcber einzelne oder s\u00e4mtliche Projektphasen (strategische Beratung, Konzeption, Gestaltung, Ma\u00dfnahmenentwicklung und Umsetzung) betreut. Wir begleiten unsere Kunden partnerschaftlich und langfristig auf dem Weg durch den sich stetig wandelnden Markt<\/p>\n<\/span>\n       <\/div>\n\n\n       <div class=\"img-wrapper\">\n           <p class=\"fs-small mb-s\">Ulrich Wimmer \/ Diplomdesigner \/ Studioinhaber \/<\/p>\n                          <img decoding=\"async\" src=\"https:\/\/derwimmer.com\/derwimmer\/wp-content\/uploads\/2025\/10\/ulrich-wimmer-1440x951.jpg\" loading=\"lazy\" alt=\"\" \/>\n                  <\/div>\n\n    <\/div>\n\n\n\n\n\n\n\n\n    <div class=\"wrapper-narrow\">\n\n       <h3 class=\"title align-center italic mb-m\">Gemeinsam denken, planen und umsetzen!<\/h3>\n\n       <div class=\"contact-block\">\n\n           <div>\n                <svg width=\"180\" xmlns=\"http:\/\/www.w3.org\/2000\/svg\" xmlns:xlink=\"http:\/\/www.w3.org\/1999\/xlink\" viewBox=\"0 0 505.6 221.8\" style=\"enable-background:new 0 0 505.6 221.8\" xml:space=\"preserve\">\n                    <path style=\"fill:#1d1d1b\" d=\"M1 .6V222.2l80.3-64.4h423.1V.6z\"\/>\n                    <defs>\n                        <path id=\"ahallo\" d=\"M-1.9-2.3h509.2v230.5H-1.9z\"\/>\n                    <\/defs>\n                    <clipPath id=\"bhallo\">\n                        <use xlink:href=\"#ahallo\" style=\"overflow:visible\"\/>\n                    <\/clipPath>\n                    <path style=\"clip-path:url(#b);fill:none;stroke:#fff;stroke-width:1.93\" d=\"M504.4 157.8V.6H1V222.2l80.3-64.4z\"\/>\n                    <path d=\"M450.5 98.3c0-3.7-2.7-6.5-6.6-6.5s-6.6 2.7-6.6 6.5c0 3.7 2.8 6.5 6.6 6.5s6.6-2.8 6.6-6.5m-.7-42.7H438l.4 30.4h10.9l.5-30.4zM415 82.5c0 8.9-2.9 12.9-8.6 12.9s-8.4-4-8.4-12.9v-5.8c0-8.9 2.9-13 8.6-13 5.7 0 8.4 4.1 8.4 13v5.8zm11.9-2.9c0-15.5-3.1-25.1-20-25.1-17 0-20.7 9.6-20.7 25.1 0 15.6 3.1 25.2 20 25.2s20.7-9.7 20.7-25.2m-46.8 24v-9.1l-17.2-.1V55.6h-11.7v48h28.9zm-37.6 0v-9.1l-17.2-.1V55.6h-11.7v48h28.9zm-55.7-19.4h-10.2l5-18.7h.1l5.1 18.7zm17.5 19.4-14.5-48h-15.2l-14.9 48h11.7l2.8-10.2H289l2.7 10.2h12.6zm-53.3 0v-48h-11.6v18.1h-15.6V55.6h-11.7v48h11.7V83.8h15.6v19.8H251zm-68.4-3V76.5h-17.1v8.8h6.2v9c-.6.4-2.7 1.2-5.9 1.2-5.1 0-8.6-3.3-8.6-12.7v-6c0-8.2 3.5-13 11.1-13 5.5 0 9.4 1.6 12.6 3l.5-9.5c-4.2-1.6-7.1-2.7-13.8-2.7-16.9 0-22.2 9.6-22.2 25.2 0 15.4 3.5 25.1 19.7 25.1 8.8-.1 15.3-3 17.5-4.3m-61.5-16.4h-10.2l5-18.7h.1l5.1 18.7zm17.5 19.4-14.5-48h-15.2l-14.9 48h11.7l2.8-10.2h14.8l2.7 10.2h12.6zM88.4 89.3c0-7.8-4-12-12.2-14.8l-2.1-.6c-4.1-1.4-6-2.9-6-5.5 0-2.9 1.9-4.7 6.1-4.7 4.9 0 9.1 1.8 11.4 3l.5-9.8c-3.2-1.3-7.3-2.4-12.7-2.4-11.3 0-17.3 6.1-17.3 14 0 8.1 3.7 12.5 12.2 15.3l2.1.7c3.6 1.2 6 2.9 6 5.5 0 3-1.8 5.4-7.3 5.4-4.2 0-8.6-1.3-12.5-3.7l-.5 10c3.7 1.7 8.1 3 13.8 3 12.7.1 18.5-6.6 18.5-15.4\" style=\"clip-path:url(#bhallo);fill:#fff\"\/>\n                <\/svg>\n           <\/div>\n\n           <div>\n                                   <a href=\"tel:+49 176 63752279\">T <span>+49 176 63752279<\/span><\/a>\n                \n                                   <a href=\"mailto:studio@derwimmer.com\">E <span>studio@derwimmer.com<\/span><\/a>\n                           <\/div>\n\n       <\/div>\n\n\n\n    <\/div>\n\n\n","protected":false},"excerpt":{"rendered":"","protected":false},"author":1,"featured_media":0,"parent":0,"menu_order":0,"comment_status":"closed","ping_status":"closed","template":"","meta":{"_acf_changed":false,"footnotes":""},"class_list":["post-92","page","type-page","status-publish","hentry"],"acf":[],"_links":{"self":[{"href":"https:\/\/derwimmer.com\/derwimmer\/wp-json\/wp\/v2\/pages\/92","targetHints":{"allow":["GET"]}}],"collection":[{"href":"https:\/\/derwimmer.com\/derwimmer\/wp-json\/wp\/v2\/pages"}],"about":[{"href":"https:\/\/derwimmer.com\/derwimmer\/wp-json\/wp\/v2\/types\/page"}],"author":[{"embeddable":true,"href":"https:\/\/derwimmer.com\/derwimmer\/wp-json\/wp\/v2\/users\/1"}],"replies":[{"embeddable":true,"href":"https:\/\/derwimmer.com\/derwimmer\/wp-json\/wp\/v2\/comments?post=92"}],"version-history":[{"count":13,"href":"https:\/\/derwimmer.com\/derwimmer\/wp-json\/wp\/v2\/pages\/92\/revisions"}],"predecessor-version":[{"id":240,"href":"https:\/\/derwimmer.com\/derwimmer\/wp-json\/wp\/v2\/pages\/92\/revisions\/240"}],"wp:attachment":[{"href":"https:\/\/derwimmer.com\/derwimmer\/wp-json\/wp\/v2\/media?parent=92"}],"curies":[{"name":"wp","href":"https:\/\/api.w.org\/{rel}","templated":true}]}}